{"id":1335,"date":"2022-05-31T14:51:13","date_gmt":"2022-05-31T14:51:13","guid":{"rendered":"https:\/\/junami-apple.com\/positionnement\/"},"modified":"2022-06-24T09:04:52","modified_gmt":"2022-06-24T09:04:52","slug":"positionnement","status":"publish","type":"page","link":"https:\/\/junami-apple.com\/fr\/positionnement\/","title":{"rendered":"Positionnement"},"content":{"rendered":"<div class=\"wpb-content-wrapper\"><p>[vc_row row_height_percent=\u00a0\u00bb0&Prime; override_padding=\u00a0\u00bbyes\u00a0\u00bb h_padding=\u00a0\u00bb2&Prime; top_padding=\u00a0\u00bb3&Prime; bottom_padding=\u00a0\u00bb3&Prime; back_image=\u00a0\u00bb695&Prime; back_repeat=\u00a0\u00bbno-repeat\u00a0\u00bb back_position=\u00a0\u00bbcenter bottom\u00a0\u00bb overlay_alpha=\u00a0\u00bb50&Prime; gutter_size=\u00a0\u00bb3&Prime; column_width_percent=\u00a0\u00bb100&Prime; shift_y=\u00a0\u00bb0&Prime; z_index=\u00a0\u00bb0&Prime; uncode_shortcode_id=\u00a0\u00bb164695&Prime; back_size=\u00a0\u00bbcontain\u00a0\u00bb shape_dividers=\u00a0\u00bb\u00a0\u00bb][vc_column column_width_percent=\u00a0\u00bb100&Prime; gutter_size=\u00a0\u00bb1&Prime; overlay_alpha=\u00a0\u00bb50&Prime; shift_x=\u00a0\u00bb0&Prime; shift_y=\u00a0\u00bb0&Prime; shift_y_down=\u00a0\u00bb0&Prime; z_index=\u00a0\u00bb0&Prime; medium_width=\u00a0\u00bb0&Prime; mobile_width=\u00a0\u00bb0&Prime; width=\u00a0\u00bb1\/2&Prime; uncode_shortcode_id=\u00a0\u00bb774321&Prime;][vc_custom_heading text_color=\u00a0\u00bbcolor-nhtu\u00a0\u00bb heading_semantic=\u00a0\u00bbh1&Prime; text_font=\u00a0\u00bbfont-654545&Prime; text_size=\u00a0\u00bbh1&Prime; text_weight=\u00a0\u00bb300&Prime; sub_lead=\u00a0\u00bbyes\u00a0\u00bb uncode_shortcode_id=\u00a0\u00bb375022&Prime; text_color_type=\u00a0\u00bbuncode-palette\u00a0\u00bb]Positionnement[\/vc_custom_heading][vc_custom_heading text_color=\u00a0\u00bbcolor-rgdb\u00a0\u00bb text_font=\u00a0\u00bbfont-654545&Prime; text_weight=\u00a0\u00bb100&Prime; uncode_shortcode_id=\u00a0\u00bb497867&Prime; text_color_type=\u00a0\u00bbuncode-palette\u00a0\u00bb]La jeunesse comme \u00e9tat d\u2019esprit[\/vc_custom_heading][vc_empty_space empty_h=\u00a0\u00bb1&Prime;][vc_custom_heading text_color=\u00a0\u00bbcolor-wayh\u00a0\u00bb heading_semantic=\u00a0\u00bbp\u00a0\u00bb text_font=\u00a0\u00bbfont-174334&Prime; text_size=\u00a0\u00bb\u00a0\u00bb text_weight=\u00a0\u00bb400&Prime; text_height=\u00a0\u00bbfontheight-489737&Prime; uncode_shortcode_id=\u00a0\u00bb168408&Prime; text_color_type=\u00a0\u00bbuncode-palette\u00a0\u00bb]Des \u00e9tudes sur le go\u00fbt ont montr\u00e9 que le go\u00fbt fruit\u00e9 rafra\u00eechissant et le croquant de la pomme Junami\u00ae est tr\u00e8s appr\u00e9ci\u00e9 par les plus jeunes et les jeunes actifs. Sa chair croquante et ses qualit\u00e9s nutritionnelles en font une v\u00e9ritable amie pour les jeunes. La pomme Junami, veut vous rappeler votre jeunesse gr\u00e2ce \u00e0 sa fraicheur et sa texture croquante et rafraichissante.<\/p>\n<p>Toutes les activit\u00e9s promotionnelles sont donc sp\u00e9cifiquement ax\u00e9es sur ce groupe cible. L\u2019efficacit\u00e9 des campagnes sur cette cible est mesur\u00e9e une fois par an par les \u00e9quipes Junami\u00ae.<\/p>\n<p>De plus, la vente de cette pomme s\u2019est av\u00e9r\u00e9e \u00eatre tr\u00e8s rentable pour la vente au d\u00e9tails car celle-ci produit une tr\u00e8s faible quantit\u00e9 de d\u00e9chets et elle promet aussi une marge \u00e9lev\u00e9e (pour en savoir plus, consultez la rubrique Qualit\u00e9).[\/vc_custom_heading][\/vc_column][vc_column width=\u00a0\u00bb1\/2&Prime;][vc_single_image media=\u00a0\u00bb518&Prime; media_width_percent=\u00a0\u00bb70&Prime; alignment=\u00a0\u00bbcenter\u00a0\u00bb border=\u00a0\u00bbyes\u00a0\u00bb shadow=\u00a0\u00bbyes\u00a0\u00bb shadow_weight=\u00a0\u00bbsm\u00a0\u00bb uncode_shortcode_id=\u00a0\u00bb111539&Prime;][\/vc_column][\/vc_row]<\/p>\n<\/div>","protected":false},"excerpt":{"rendered":"<p>[vc_row row_height_percent=\u00a0\u00bb0&Prime; override_padding=\u00a0\u00bbyes\u00a0\u00bb h_padding=\u00a0\u00bb2&Prime; top_padding=\u00a0\u00bb3&Prime; bottom_padding=\u00a0\u00bb3&Prime; back_image=\u00a0\u00bb695&Prime; back_repeat=\u00a0\u00bbno-repeat\u00a0\u00bb back_position=\u00a0\u00bbcenter bottom\u00a0\u00bb overlay_alpha=\u00a0\u00bb50&Prime; gutter_size=\u00a0\u00bb3&Prime; column_width_percent=\u00a0\u00bb100&Prime; shift_y=\u00a0\u00bb0&Prime; z_index=\u00a0\u00bb0&Prime; uncode_shortcode_id=\u00a0\u00bb164695&Prime; back_size=\u00a0\u00bbcontain\u00a0\u00bb shape_dividers=\u00a0\u00bb\u00a0\u00bb][vc_column column_width_percent=\u00a0\u00bb100&Prime; gutter_size=\u00a0\u00bb1&Prime; [&hellip;]<\/p>\n","protected":false},"author":5,"featured_media":0,"parent":0,"menu_order":10,"comment_status":"closed","ping_status":"closed","template":"","meta":{"footnotes":""},"class_list":["post-1335","page","type-page","status-publish","hentry"],"_links":{"self":[{"href":"https:\/\/junami-apple.com\/fr\/wp-json\/wp\/v2\/pages\/1335","targetHints":{"allow":["GET"]}}],"collection":[{"href":"https:\/\/junami-apple.com\/fr\/wp-json\/wp\/v2\/pages"}],"about":[{"href":"https:\/\/junami-apple.com\/fr\/wp-json\/wp\/v2\/types\/page"}],"author":[{"embeddable":true,"href":"https:\/\/junami-apple.com\/fr\/wp-json\/wp\/v2\/users\/5"}],"replies":[{"embeddable":true,"href":"https:\/\/junami-apple.com\/fr\/wp-json\/wp\/v2\/comments?post=1335"}],"version-history":[{"count":2,"href":"https:\/\/junami-apple.com\/fr\/wp-json\/wp\/v2\/pages\/1335\/revisions"}],"predecessor-version":[{"id":1337,"href":"https:\/\/junami-apple.com\/fr\/wp-json\/wp\/v2\/pages\/1335\/revisions\/1337"}],"wp:attachment":[{"href":"https:\/\/junami-apple.com\/fr\/wp-json\/wp\/v2\/media?parent=1335"}],"curies":[{"name":"wp","href":"https:\/\/api.w.org\/{rel}","templated":true}]}}