{"id":1319,"date":"2022-05-31T14:49:32","date_gmt":"2022-05-31T14:49:32","guid":{"rendered":"https:\/\/junami-apple.com\/production-locale\/"},"modified":"2022-06-24T09:01:02","modified_gmt":"2022-06-24T09:01:02","slug":"production-locale","status":"publish","type":"page","link":"https:\/\/junami-apple.com\/fr\/production-locale\/","title":{"rendered":"Production locale"},"content":{"rendered":"<div class=\"wpb-content-wrapper\"><p>[vc_row row_height_percent=\u00a0\u00bb0&Prime; override_padding=\u00a0\u00bbyes\u00a0\u00bb h_padding=\u00a0\u00bb2&Prime; top_padding=\u00a0\u00bb3&Prime; bottom_padding=\u00a0\u00bb3&Prime; back_image=\u00a0\u00bb695&Prime; back_repeat=\u00a0\u00bbno-repeat\u00a0\u00bb back_position=\u00a0\u00bbcenter bottom\u00a0\u00bb overlay_alpha=\u00a0\u00bb50&Prime; gutter_size=\u00a0\u00bb3&Prime; column_width_percent=\u00a0\u00bb100&Prime; shift_y=\u00a0\u00bb0&Prime; z_index=\u00a0\u00bb0&Prime; uncode_shortcode_id=\u00a0\u00bb821116&Prime; back_size=\u00a0\u00bbcontain\u00a0\u00bb shape_dividers=\u00a0\u00bb\u00a0\u00bb][vc_column column_width_percent=\u00a0\u00bb100&Prime; gutter_size=\u00a0\u00bb1&Prime; overlay_alpha=\u00a0\u00bb50&Prime; shift_x=\u00a0\u00bb0&Prime; shift_y=\u00a0\u00bb0&Prime; shift_y_down=\u00a0\u00bb0&Prime; z_index=\u00a0\u00bb0&Prime; medium_width=\u00a0\u00bb0&Prime; mobile_width=\u00a0\u00bb0&Prime; width=\u00a0\u00bb1\/2&Prime; uncode_shortcode_id=\u00a0\u00bb774321&Prime;][vc_custom_heading text_color=\u00a0\u00bbcolor-nhtu\u00a0\u00bb heading_semantic=\u00a0\u00bbh1&Prime; text_font=\u00a0\u00bbfont-654545&Prime; text_size=\u00a0\u00bbh1&Prime; text_weight=\u00a0\u00bb300&Prime; sub_lead=\u00a0\u00bbyes\u00a0\u00bb uncode_shortcode_id=\u00a0\u00bb301000&Prime; text_color_type=\u00a0\u00bbuncode-palette\u00a0\u00bb]Production locale[\/vc_custom_heading][vc_custom_heading text_color=\u00a0\u00bbcolor-rgdb\u00a0\u00bb text_font=\u00a0\u00bbfont-654545&Prime; text_weight=\u00a0\u00bb100&Prime; uncode_shortcode_id=\u00a0\u00bb277915&Prime; text_color_type=\u00a0\u00bbuncode-palette\u00a0\u00bb]pour garantir la meilleure qualit\u00e9 possible[\/vc_custom_heading][vc_empty_space empty_h=\u00a0\u00bb1&Prime;][vc_custom_heading text_color=\u00a0\u00bbcolor-wayh\u00a0\u00bb heading_semantic=\u00a0\u00bbp\u00a0\u00bb text_font=\u00a0\u00bbfont-174334&Prime; text_size=\u00a0\u00bb\u00a0\u00bb text_weight=\u00a0\u00bb400&Prime; text_height=\u00a0\u00bbfontheight-489737&Prime; uncode_shortcode_id=\u00a0\u00bb135542&Prime; text_color_type=\u00a0\u00bbuncode-palette\u00a0\u00bb]Les pommes Junami\u00ae sont cultiv\u00e9es pour vous avec le plus grand soin par de nombreux producteurs de fruits aux Pays-Bas et en Belgique. Les Junamis\u00ae sont cultiv\u00e9es que dans les zones les plus propices \u00e0 leur culture, elles sont produites sur des terrains ayant d\u2019importantes quantit\u00e9s d\u2019eau souterraine et \u00e9tant souvent ensoleill\u00e9. Cela garantit le go\u00fbt parfait et la haute qualit\u00e9 des pommes. Des contr\u00f4les qualit\u00e9s permanents permettent d\u2019obtenir ce que l\u2019on peut appeler \u00e0 juste titre une pomme de marque sans d\u00e9faut.[\/vc_custom_heading][\/vc_column][vc_column width=\u00a0\u00bb1\/2&Prime;][vc_single_image media=\u00a0\u00bb416&Prime; media_width_percent=\u00a0\u00bb70&Prime; alignment=\u00a0\u00bbcenter\u00a0\u00bb border=\u00a0\u00bbyes\u00a0\u00bb shadow=\u00a0\u00bbyes\u00a0\u00bb shadow_weight=\u00a0\u00bbsm\u00a0\u00bb uncode_shortcode_id=\u00a0\u00bb173346&Prime;][\/vc_column][\/vc_row]<\/p>\n<\/div>","protected":false},"excerpt":{"rendered":"<p>[vc_row row_height_percent=\u00a0\u00bb0&Prime; override_padding=\u00a0\u00bbyes\u00a0\u00bb h_padding=\u00a0\u00bb2&Prime; top_padding=\u00a0\u00bb3&Prime; bottom_padding=\u00a0\u00bb3&Prime; back_image=\u00a0\u00bb695&Prime; back_repeat=\u00a0\u00bbno-repeat\u00a0\u00bb back_position=\u00a0\u00bbcenter bottom\u00a0\u00bb overlay_alpha=\u00a0\u00bb50&Prime; gutter_size=\u00a0\u00bb3&Prime; column_width_percent=\u00a0\u00bb100&Prime; shift_y=\u00a0\u00bb0&Prime; z_index=\u00a0\u00bb0&Prime; uncode_shortcode_id=\u00a0\u00bb821116&Prime; back_size=\u00a0\u00bbcontain\u00a0\u00bb shape_dividers=\u00a0\u00bb\u00a0\u00bb][vc_column column_width_percent=\u00a0\u00bb100&Prime; gutter_size=\u00a0\u00bb1&Prime; [&hellip;]<\/p>\n","protected":false},"author":5,"featured_media":0,"parent":0,"menu_order":15,"comment_status":"closed","ping_status":"closed","template":"","meta":{"footnotes":""},"class_list":["post-1319","page","type-page","status-publish","hentry"],"_links":{"self":[{"href":"https:\/\/junami-apple.com\/fr\/wp-json\/wp\/v2\/pages\/1319","targetHints":{"allow":["GET"]}}],"collection":[{"href":"https:\/\/junami-apple.com\/fr\/wp-json\/wp\/v2\/pages"}],"about":[{"href":"https:\/\/junami-apple.com\/fr\/wp-json\/wp\/v2\/types\/page"}],"author":[{"embeddable":true,"href":"https:\/\/junami-apple.com\/fr\/wp-json\/wp\/v2\/users\/5"}],"replies":[{"embeddable":true,"href":"https:\/\/junami-apple.com\/fr\/wp-json\/wp\/v2\/comments?post=1319"}],"version-history":[{"count":1,"href":"https:\/\/junami-apple.com\/fr\/wp-json\/wp\/v2\/pages\/1319\/revisions"}],"predecessor-version":[{"id":1320,"href":"https:\/\/junami-apple.com\/fr\/wp-json\/wp\/v2\/pages\/1319\/revisions\/1320"}],"wp:attachment":[{"href":"https:\/\/junami-apple.com\/fr\/wp-json\/wp\/v2\/media?parent=1319"}],"curies":[{"name":"wp","href":"https:\/\/api.w.org\/{rel}","templated":true}]}}