{"id":1263,"date":"2022-05-31T14:53:38","date_gmt":"2022-05-31T14:53:38","guid":{"rendered":"https:\/\/junami-apple.com\/suivez-nous\/"},"modified":"2022-06-24T08:46:34","modified_gmt":"2022-06-24T08:46:34","slug":"suivez-nous","status":"publish","type":"page","link":"https:\/\/junami-apple.com\/fr\/suivez-nous\/","title":{"rendered":"Suivez-nous"},"content":{"rendered":"<div class=\"wpb-content-wrapper\"><p>[vc_row row_height_percent=\u00a0\u00bb0&Prime; override_padding=\u00a0\u00bbyes\u00a0\u00bb h_padding=\u00a0\u00bb2&Prime; top_padding=\u00a0\u00bb3&Prime; bottom_padding=\u00a0\u00bb3&Prime; back_image=\u00a0\u00bb695&Prime; back_repeat=\u00a0\u00bbno-repeat\u00a0\u00bb back_position=\u00a0\u00bbcenter bottom\u00a0\u00bb overlay_alpha=\u00a0\u00bb50&Prime; gutter_size=\u00a0\u00bb3&Prime; column_width_percent=\u00a0\u00bb100&Prime; shift_y=\u00a0\u00bb0&Prime; z_index=\u00a0\u00bb0&Prime; uncode_shortcode_id=\u00a0\u00bb147965&Prime; back_size=\u00a0\u00bbcontain\u00a0\u00bb shape_dividers=\u00a0\u00bb\u00a0\u00bb][vc_column column_width_percent=\u00a0\u00bb100&Prime; gutter_size=\u00a0\u00bb1&Prime; overlay_alpha=\u00a0\u00bb50&Prime; shift_x=\u00a0\u00bb0&Prime; shift_y=\u00a0\u00bb0&Prime; shift_y_down=\u00a0\u00bb0&Prime; z_index=\u00a0\u00bb0&Prime; medium_width=\u00a0\u00bb0&Prime; mobile_width=\u00a0\u00bb0&Prime; width=\u00a0\u00bb1\/2&Prime; uncode_shortcode_id=\u00a0\u00bb774321&Prime;][vc_custom_heading text_color=\u00a0\u00bbcolor-nhtu\u00a0\u00bb heading_semantic=\u00a0\u00bbh1&Prime; text_font=\u00a0\u00bbfont-654545&Prime; text_size=\u00a0\u00bbh1&Prime; text_weight=\u00a0\u00bb300&Prime; sub_lead=\u00a0\u00bbyes\u00a0\u00bb uncode_shortcode_id=\u00a0\u00bb167758&Prime; text_color_type=\u00a0\u00bbuncode-palette\u00a0\u00bb]Suivez-nous[\/vc_custom_heading][vc_custom_heading text_color=\u00a0\u00bbcolor-rgdb\u00a0\u00bb text_font=\u00a0\u00bbfont-654545&Prime; text_weight=\u00a0\u00bb100&Prime; uncode_shortcode_id=\u00a0\u00bb966551&Prime; text_color_type=\u00a0\u00bbuncode-palette\u00a0\u00bb]Pour des conseils et des id\u00e9es[\/vc_custom_heading][vc_empty_space empty_h=\u00a0\u00bb1&Prime;][vc_custom_heading text_color=\u00a0\u00bbcolor-wayh\u00a0\u00bb heading_semantic=\u00a0\u00bbp\u00a0\u00bb text_font=\u00a0\u00bbfont-174334&Prime; text_size=\u00a0\u00bb\u00a0\u00bb text_weight=\u00a0\u00bb400&Prime; text_height=\u00a0\u00bbfontheight-489737&Prime; uncode_shortcode_id=\u00a0\u00bb147336&Prime; text_color_type=\u00a0\u00bbuncode-palette\u00a0\u00bb]Vous recherchez des id\u00e9es pour votre pause entre deux r\u00e9unions, comment faire aimer les pommes \u00e0 vos enfants ? Vous avez besoin de nouvelles id\u00e9es de recettes \u00e9quilibr\u00e9es pour vous accompagner au quotidien ? Ou encore vous voulez en savoir plus sur la pomme Junami\u00ae ? Retrouvez-nous sur Facebook (fb.com\\junamibreak).<\/p>\n<p>Junami\u00ae est aussi tr\u00e8s int\u00e9ress\u00e9 par tous les id\u00e9es et que vous pourriez avoir! N\u2019h\u00e9sitez pas \u00e0 nous contacter.[\/vc_custom_heading][\/vc_column][vc_column width=\u00a0\u00bb1\/2&Prime;][vc_single_image media=\u00a0\u00bb548&Prime; media_width_percent=\u00a0\u00bb70&Prime; alignment=\u00a0\u00bbcenter\u00a0\u00bb border=\u00a0\u00bbyes\u00a0\u00bb shadow=\u00a0\u00bbyes\u00a0\u00bb shadow_weight=\u00a0\u00bbsm\u00a0\u00bb uncode_shortcode_id=\u00a0\u00bb332317&Prime;][\/vc_column][\/vc_row]<\/p>\n<\/div>","protected":false},"excerpt":{"rendered":"<p>[vc_row row_height_percent=\u00a0\u00bb0&Prime; override_padding=\u00a0\u00bbyes\u00a0\u00bb h_padding=\u00a0\u00bb2&Prime; top_padding=\u00a0\u00bb3&Prime; bottom_padding=\u00a0\u00bb3&Prime; back_image=\u00a0\u00bb695&Prime; back_repeat=\u00a0\u00bbno-repeat\u00a0\u00bb back_position=\u00a0\u00bbcenter bottom\u00a0\u00bb overlay_alpha=\u00a0\u00bb50&Prime; gutter_size=\u00a0\u00bb3&Prime; column_width_percent=\u00a0\u00bb100&Prime; shift_y=\u00a0\u00bb0&Prime; z_index=\u00a0\u00bb0&Prime; uncode_shortcode_id=\u00a0\u00bb147965&Prime; back_size=\u00a0\u00bbcontain\u00a0\u00bb shape_dividers=\u00a0\u00bb\u00a0\u00bb][vc_column column_width_percent=\u00a0\u00bb100&Prime; gutter_size=\u00a0\u00bb1&Prime; [&hellip;]<\/p>\n","protected":false},"author":5,"featured_media":0,"parent":0,"menu_order":4,"comment_status":"closed","ping_status":"closed","template":"","meta":{"footnotes":""},"class_list":["post-1263","page","type-page","status-publish","hentry"],"_links":{"self":[{"href":"https:\/\/junami-apple.com\/fr\/wp-json\/wp\/v2\/pages\/1263","targetHints":{"allow":["GET"]}}],"collection":[{"href":"https:\/\/junami-apple.com\/fr\/wp-json\/wp\/v2\/pages"}],"about":[{"href":"https:\/\/junami-apple.com\/fr\/wp-json\/wp\/v2\/types\/page"}],"author":[{"embeddable":true,"href":"https:\/\/junami-apple.com\/fr\/wp-json\/wp\/v2\/users\/5"}],"replies":[{"embeddable":true,"href":"https:\/\/junami-apple.com\/fr\/wp-json\/wp\/v2\/comments?post=1263"}],"version-history":[{"count":2,"href":"https:\/\/junami-apple.com\/fr\/wp-json\/wp\/v2\/pages\/1263\/revisions"}],"predecessor-version":[{"id":1265,"href":"https:\/\/junami-apple.com\/fr\/wp-json\/wp\/v2\/pages\/1263\/revisions\/1265"}],"wp:attachment":[{"href":"https:\/\/junami-apple.com\/fr\/wp-json\/wp\/v2\/media?parent=1263"}],"curies":[{"name":"wp","href":"https:\/\/api.w.org\/{rel}","templated":true}]}}