{"id":1256,"date":"2022-05-31T14:53:20","date_gmt":"2022-05-31T14:53:20","guid":{"rendered":"https:\/\/junami-apple.com\/inova-fruit\/"},"modified":"2022-06-24T08:44:20","modified_gmt":"2022-06-24T08:44:20","slug":"inova-fruit","status":"publish","type":"page","link":"https:\/\/junami-apple.com\/fr\/inova-fruit\/","title":{"rendered":"Inova Fruit"},"content":{"rendered":"<div class=\"wpb-content-wrapper\"><p>[vc_row row_height_percent=\u00a0\u00bb0&Prime; override_padding=\u00a0\u00bbyes\u00a0\u00bb h_padding=\u00a0\u00bb2&Prime; top_padding=\u00a0\u00bb3&Prime; bottom_padding=\u00a0\u00bb3&Prime; back_image=\u00a0\u00bb695&Prime; back_repeat=\u00a0\u00bbno-repeat\u00a0\u00bb back_position=\u00a0\u00bbcenter bottom\u00a0\u00bb overlay_alpha=\u00a0\u00bb50&Prime; gutter_size=\u00a0\u00bb3&Prime; column_width_percent=\u00a0\u00bb100&Prime; shift_y=\u00a0\u00bb0&Prime; z_index=\u00a0\u00bb0&Prime; uncode_shortcode_id=\u00a0\u00bb149748&Prime; back_size=\u00a0\u00bbcontain\u00a0\u00bb][vc_column column_width_percent=\u00a0\u00bb100&Prime; gutter_size=\u00a0\u00bb1&Prime; overlay_alpha=\u00a0\u00bb50&Prime; shift_x=\u00a0\u00bb0&Prime; shift_y=\u00a0\u00bb0&Prime; shift_y_down=\u00a0\u00bb0&Prime; z_index=\u00a0\u00bb0&Prime; medium_width=\u00a0\u00bb0&Prime; mobile_width=\u00a0\u00bb0&Prime; width=\u00a0\u00bb1\/2&Prime; uncode_shortcode_id=\u00a0\u00bb774321&Prime;][vc_custom_heading text_color=\u00a0\u00bbcolor-nhtu\u00a0\u00bb heading_semantic=\u00a0\u00bbh1&Prime; text_font=\u00a0\u00bbfont-654545&Prime; text_size=\u00a0\u00bbh1&Prime; text_weight=\u00a0\u00bb300&Prime; sub_lead=\u00a0\u00bbyes\u00a0\u00bb uncode_shortcode_id=\u00a0\u00bb209508&Prime; text_color_type=\u00a0\u00bbuncode-palette\u00a0\u00bb]Inova Fruit[\/vc_custom_heading][vc_custom_heading text_color=\u00a0\u00bbcolor-rgdb\u00a0\u00bb text_font=\u00a0\u00bbfont-654545&Prime; text_weight=\u00a0\u00bb100&Prime; uncode_shortcode_id=\u00a0\u00bb305127&Prime; text_color_type=\u00a0\u00bbuncode-palette\u00a0\u00bb]La Junami\u00ae est vendue par Inova Fruit BV[\/vc_custom_heading][vc_empty_space empty_h=\u00a0\u00bb1&Prime;][vc_custom_heading text_color=\u00a0\u00bbcolor-wayh\u00a0\u00bb heading_semantic=\u00a0\u00bbp\u00a0\u00bb text_font=\u00a0\u00bbfont-174334&Prime; text_size=\u00a0\u00bb\u00a0\u00bb text_weight=\u00a0\u00bb400&Prime; text_height=\u00a0\u00bbfontheight-489737&Prime; uncode_shortcode_id=\u00a0\u00bb652337&Prime; text_color_type=\u00a0\u00bbuncode-palette\u00a0\u00bb]Inova Fruit est responsable de la vari\u00e9t\u00e9 Junami\u00ae. Inova Fruit d\u00e9veloppe, \u00e9tudie et introduit de nouvelles vari\u00e9t\u00e9s de fruits durs, savoureux et sains, qui peuvent \u00eatre cultiv\u00e9s selon des m\u00e9thodes durables (www.inovafruit.nl). La principale pr\u00e9occupation de l\u2019organisation est de r\u00e9pondre aux pr\u00e9f\u00e9rences gustatives des consommateurs tout en d\u00e9veloppant des vari\u00e9t\u00e9s de fruits durables r\u00e9sistantes aux maladies.[\/vc_custom_heading][\/vc_column][vc_column width=\u00a0\u00bb1\/2&Prime;][vc_single_image media=\u00a0\u00bb542&Prime; media_width_percent=\u00a0\u00bb51&Prime; media_ratio=\u00a0\u00bbone-one\u00a0\u00bb alignment=\u00a0\u00bbcenter\u00a0\u00bb border=\u00a0\u00bbyes\u00a0\u00bb shadow=\u00a0\u00bbyes\u00a0\u00bb shadow_weight=\u00a0\u00bbsm\u00a0\u00bb uncode_shortcode_id=\u00a0\u00bb244641&Prime;][\/vc_column][\/vc_row]<\/p>\n<\/div>","protected":false},"excerpt":{"rendered":"<p>[vc_row row_height_percent=\u00a0\u00bb0&Prime; override_padding=\u00a0\u00bbyes\u00a0\u00bb h_padding=\u00a0\u00bb2&Prime; top_padding=\u00a0\u00bb3&Prime; bottom_padding=\u00a0\u00bb3&Prime; back_image=\u00a0\u00bb695&Prime; back_repeat=\u00a0\u00bbno-repeat\u00a0\u00bb back_position=\u00a0\u00bbcenter bottom\u00a0\u00bb overlay_alpha=\u00a0\u00bb50&Prime; gutter_size=\u00a0\u00bb3&Prime; column_width_percent=\u00a0\u00bb100&Prime; shift_y=\u00a0\u00bb0&Prime; z_index=\u00a0\u00bb0&Prime; uncode_shortcode_id=\u00a0\u00bb149748&Prime; back_size=\u00a0\u00bbcontain\u00a0\u00bb][vc_column column_width_percent=\u00a0\u00bb100&Prime; gutter_size=\u00a0\u00bb1&Prime; overlay_alpha=\u00a0\u00bb50&Prime; [&hellip;]<\/p>\n","protected":false},"author":5,"featured_media":0,"parent":0,"menu_order":5,"comment_status":"closed","ping_status":"closed","template":"","meta":{"footnotes":""},"class_list":["post-1256","page","type-page","status-publish","hentry"],"_links":{"self":[{"href":"https:\/\/junami-apple.com\/fr\/wp-json\/wp\/v2\/pages\/1256","targetHints":{"allow":["GET"]}}],"collection":[{"href":"https:\/\/junami-apple.com\/fr\/wp-json\/wp\/v2\/pages"}],"about":[{"href":"https:\/\/junami-apple.com\/fr\/wp-json\/wp\/v2\/types\/page"}],"author":[{"embeddable":true,"href":"https:\/\/junami-apple.com\/fr\/wp-json\/wp\/v2\/users\/5"}],"replies":[{"embeddable":true,"href":"https:\/\/junami-apple.com\/fr\/wp-json\/wp\/v2\/comments?post=1256"}],"version-history":[{"count":1,"href":"https:\/\/junami-apple.com\/fr\/wp-json\/wp\/v2\/pages\/1256\/revisions"}],"predecessor-version":[{"id":1257,"href":"https:\/\/junami-apple.com\/fr\/wp-json\/wp\/v2\/pages\/1256\/revisions\/1257"}],"wp:attachment":[{"href":"https:\/\/junami-apple.com\/fr\/wp-json\/wp\/v2\/media?parent=1256"}],"curies":[{"name":"wp","href":"https:\/\/api.w.org\/{rel}","templated":true}]}}