{"id":1186,"date":"2022-05-31T14:19:16","date_gmt":"2022-05-31T14:19:16","guid":{"rendered":"https:\/\/junami-apple.com\/une-experience-gustative\/"},"modified":"2022-06-24T07:47:31","modified_gmt":"2022-06-24T07:47:31","slug":"une-experience-gustative","status":"publish","type":"page","link":"https:\/\/junami-apple.com\/fr\/une-experience-gustative\/","title":{"rendered":"Une exp\u00e9rience gustative"},"content":{"rendered":"<div class=\"wpb-content-wrapper\"><p>[vc_row row_height_percent=\u00a0\u00bb0&Prime; override_padding=\u00a0\u00bbyes\u00a0\u00bb h_padding=\u00a0\u00bb2&Prime; top_padding=\u00a0\u00bb3&Prime; bottom_padding=\u00a0\u00bb3&Prime; back_image=\u00a0\u00bb695&Prime; back_repeat=\u00a0\u00bbno-repeat\u00a0\u00bb back_position=\u00a0\u00bbcenter bottom\u00a0\u00bb overlay_alpha=\u00a0\u00bb50&Prime; gutter_size=\u00a0\u00bb3&Prime; column_width_percent=\u00a0\u00bb100&Prime; shift_y=\u00a0\u00bb0&Prime; z_index=\u00a0\u00bb0&Prime; uncode_shortcode_id=\u00a0\u00bb111008&Prime; back_size=\u00a0\u00bbcontain\u00a0\u00bb shape_dividers=\u00a0\u00bb\u00a0\u00bb][vc_column column_width_percent=\u00a0\u00bb100&Prime; gutter_size=\u00a0\u00bb1&Prime; overlay_alpha=\u00a0\u00bb50&Prime; shift_x=\u00a0\u00bb0&Prime; shift_y=\u00a0\u00bb0&Prime; shift_y_down=\u00a0\u00bb0&Prime; z_index=\u00a0\u00bb0&Prime; medium_width=\u00a0\u00bb0&Prime; mobile_width=\u00a0\u00bb0&Prime; width=\u00a0\u00bb1\/2&Prime; uncode_shortcode_id=\u00a0\u00bb774321&Prime;][vc_custom_heading text_color=\u00a0\u00bbcolor-nhtu\u00a0\u00bb heading_semantic=\u00a0\u00bbh1&Prime; text_font=\u00a0\u00bbfont-654545&Prime; text_size=\u00a0\u00bbh1&Prime; text_weight=\u00a0\u00bb300&Prime; sub_lead=\u00a0\u00bbyes\u00a0\u00bb uncode_shortcode_id=\u00a0\u00bb203206&Prime; text_color_type=\u00a0\u00bbuncode-palette\u00a0\u00bb]Une exp\u00e9rience gustative[\/vc_custom_heading][vc_custom_heading text_color=\u00a0\u00bbcolor-rgdb\u00a0\u00bb text_font=\u00a0\u00bbfont-654545&Prime; text_weight=\u00a0\u00bb100&Prime; uncode_shortcode_id=\u00a0\u00bb424014&Prime; text_color_type=\u00a0\u00bbuncode-palette\u00a0\u00bb]Junami\u00ae, la pomme la plus d\u00e9salt\u00e9rante et la plus rafra\u00eechissante au go\u00fbt croquant.[\/vc_custom_heading][vc_empty_space empty_h=\u00a0\u00bb1&Prime;][vc_custom_heading text_color=\u00a0\u00bbcolor-wayh\u00a0\u00bb heading_semantic=\u00a0\u00bbp\u00a0\u00bb text_font=\u00a0\u00bbfont-174334&Prime; text_size=\u00a0\u00bb\u00a0\u00bb text_weight=\u00a0\u00bb400&Prime; text_height=\u00a0\u00bbfontheight-489737&Prime; uncode_shortcode_id=\u00a0\u00bb186049&Prime; text_color_type=\u00a0\u00bbuncode-palette\u00a0\u00bb]La Junami\u00ae est la pomme id\u00e9ale pour les personnes actives qui souhaitent un encas sain et rapide \u00e0 d\u00e9guster. Cette pomme est originaire de Suisse, d\u00e9salt\u00e9rante et fruit\u00e9e, elle combine toutes les bonnes caract\u00e9ristiques de ses parents (Idared x Maigold et Elstar). Sa forme ronde attrayante et sa couleur rouge flamboyante la rendent totalement irr\u00e9sistible ! Une fois que vous aurez fait l\u2019exp\u00e9rience de sa saveur fruit\u00e9e et rafra\u00eechissante et de son go\u00fbt croquant, vous ne voudrez plus jamais croquer dans une autre pomme ![\/vc_custom_heading][\/vc_column][vc_column column_width_percent=\u00a0\u00bb100&Prime; gutter_size=\u00a0\u00bb3&Prime; overlay_alpha=\u00a0\u00bb50&Prime; shift_x=\u00a0\u00bb0&Prime; shift_y=\u00a0\u00bb0&Prime; shift_y_down=\u00a0\u00bb0&Prime; z_index=\u00a0\u00bb0&Prime; medium_width=\u00a0\u00bb0&Prime; mobile_width=\u00a0\u00bb0&Prime; width=\u00a0\u00bb1\/2&Prime; uncode_shortcode_id=\u00a0\u00bb120228&Prime;][vc_single_image media=\u00a0\u00bb380&Prime; media_width_percent=\u00a0\u00bb70&Prime; alignment=\u00a0\u00bbcenter\u00a0\u00bb uncode_shortcode_id=\u00a0\u00bb131520&Prime;][\/vc_column][\/vc_row]<\/p>\n<\/div>","protected":false},"excerpt":{"rendered":"<p>[vc_row row_height_percent=\u00a0\u00bb0&Prime; override_padding=\u00a0\u00bbyes\u00a0\u00bb h_padding=\u00a0\u00bb2&Prime; top_padding=\u00a0\u00bb3&Prime; bottom_padding=\u00a0\u00bb3&Prime; back_image=\u00a0\u00bb695&Prime; back_repeat=\u00a0\u00bbno-repeat\u00a0\u00bb back_position=\u00a0\u00bbcenter bottom\u00a0\u00bb overlay_alpha=\u00a0\u00bb50&Prime; gutter_size=\u00a0\u00bb3&Prime; column_width_percent=\u00a0\u00bb100&Prime; shift_y=\u00a0\u00bb0&Prime; z_index=\u00a0\u00bb0&Prime; uncode_shortcode_id=\u00a0\u00bb111008&Prime; back_size=\u00a0\u00bbcontain\u00a0\u00bb shape_dividers=\u00a0\u00bb\u00a0\u00bb][vc_column column_width_percent=\u00a0\u00bb100&Prime; gutter_size=\u00a0\u00bb1&Prime; [&hellip;]<\/p>\n","protected":false},"author":5,"featured_media":0,"parent":0,"menu_order":22,"comment_status":"closed","ping_status":"closed","template":"","meta":{"footnotes":""},"class_list":["post-1186","page","type-page","status-publish","hentry"],"_links":{"self":[{"href":"https:\/\/junami-apple.com\/fr\/wp-json\/wp\/v2\/pages\/1186","targetHints":{"allow":["GET"]}}],"collection":[{"href":"https:\/\/junami-apple.com\/fr\/wp-json\/wp\/v2\/pages"}],"about":[{"href":"https:\/\/junami-apple.com\/fr\/wp-json\/wp\/v2\/types\/page"}],"author":[{"embeddable":true,"href":"https:\/\/junami-apple.com\/fr\/wp-json\/wp\/v2\/users\/5"}],"replies":[{"embeddable":true,"href":"https:\/\/junami-apple.com\/fr\/wp-json\/wp\/v2\/comments?post=1186"}],"version-history":[{"count":1,"href":"https:\/\/junami-apple.com\/fr\/wp-json\/wp\/v2\/pages\/1186\/revisions"}],"predecessor-version":[{"id":1187,"href":"https:\/\/junami-apple.com\/fr\/wp-json\/wp\/v2\/pages\/1186\/revisions\/1187"}],"wp:attachment":[{"href":"https:\/\/junami-apple.com\/fr\/wp-json\/wp\/v2\/media?parent=1186"}],"curies":[{"name":"wp","href":"https:\/\/api.w.org\/{rel}","templated":true}]}}