{"id":1266,"date":"2022-05-31T14:53:38","date_gmt":"2022-05-31T14:53:38","guid":{"rendered":"https:\/\/junami-apple.com\/folgen-sie-uns\/"},"modified":"2022-06-24T08:47:06","modified_gmt":"2022-06-24T08:47:06","slug":"folgen-sie-uns","status":"publish","type":"page","link":"https:\/\/junami-apple.com\/de\/folgen-sie-uns\/","title":{"rendered":"Folgen Sie uns"},"content":{"rendered":"<div class=\"wpb-content-wrapper\"><p>[vc_row row_height_percent=&#8220;0&#8243; override_padding=&#8220;yes&#8220; h_padding=&#8220;2&#8243; top_padding=&#8220;3&#8243; bottom_padding=&#8220;3&#8243; back_image=&#8220;695&#8243; back_repeat=&#8220;no-repeat&#8220; back_position=&#8220;center bottom&#8220; overlay_alpha=&#8220;50&#8243; gutter_size=&#8220;3&#8243; column_width_percent=&#8220;100&#8243; shift_y=&#8220;0&#8243; z_index=&#8220;0&#8243; uncode_shortcode_id=&#8220;147965&#8243; back_size=&#8220;contain&#8220; shape_dividers=&#8220;&#8220;][vc_column column_width_percent=&#8220;100&#8243; gutter_size=&#8220;1&#8243; overlay_alpha=&#8220;50&#8243; shift_x=&#8220;0&#8243; shift_y=&#8220;0&#8243; shift_y_down=&#8220;0&#8243; z_index=&#8220;0&#8243; medium_width=&#8220;0&#8243; mobile_width=&#8220;0&#8243; width=&#8220;1\/2&#8243; uncode_shortcode_id=&#8220;774321&#8243;][vc_custom_heading text_color=&#8220;color-nhtu&#8220; heading_semantic=&#8220;h1&#8243; text_font=&#8220;font-654545&#8243; text_size=&#8220;h1&#8243; text_weight=&#8220;300&#8243; sub_lead=&#8220;yes&#8220; uncode_shortcode_id=&#8220;167758&#8243; text_color_type=&#8220;uncode-palette&#8220;]Folgen Sie uns[\/vc_custom_heading][vc_custom_heading text_color=&#8220;color-rgdb&#8220; text_font=&#8220;font-654545&#8243; text_weight=&#8220;100&#8243; uncode_shortcode_id=&#8220;966551&#8243; text_color_type=&#8220;uncode-palette&#8220;]Tolle Tipps und Inspirationen[\/vc_custom_heading][vc_empty_space empty_h=&#8220;1&#8243;][vc_custom_heading text_color=&#8220;color-wayh&#8220; heading_semantic=&#8220;p&#8220; text_font=&#8220;font-174334&#8243; text_size=&#8220;&#8220; text_weight=&#8220;400&#8243; text_height=&#8220;fontheight-489737&#8243; uncode_shortcode_id=&#8220;147336&#8243; text_color_type=&#8220;uncode-palette&#8220;]M\u00f6chten auch Sie tolle Tipps und Inspirationen \u00fcber die besten Pausen-Momente des Tages erhalten? M\u00f6chten Sie erfahren, was eine echte Stress-Pause, Sport-Pause oder Gesundheits-Pause ist? Bald k\u00f6nnen Sie Junami folgen auf Facebook. Junami ist \u00fcbrigens auch an Ihren Tipps interessiert![\/vc_custom_heading][\/vc_column][vc_column width=&#8220;1\/2&#8243;][vc_single_image media=&#8220;548&#8243; media_width_percent=&#8220;70&#8243; alignment=&#8220;center&#8220; border=&#8220;yes&#8220; shadow=&#8220;yes&#8220; shadow_weight=&#8220;sm&#8220; uncode_shortcode_id=&#8220;332317&#8243;][\/vc_column][\/vc_row]<\/p>\n<\/div>","protected":false},"excerpt":{"rendered":"<p>[vc_row row_height_percent=&#8220;0&#8243; override_padding=&#8220;yes&#8220; h_padding=&#8220;2&#8243; top_padding=&#8220;3&#8243; bottom_padding=&#8220;3&#8243; back_image=&#8220;695&#8243; back_repeat=&#8220;no-repeat&#8220; back_position=&#8220;center bottom&#8220; overlay_alpha=&#8220;50&#8243; gutter_size=&#8220;3&#8243; column_width_percent=&#8220;100&#8243; shift_y=&#8220;0&#8243; z_index=&#8220;0&#8243; uncode_shortcode_id=&#8220;147965&#8243; back_size=&#8220;contain&#8220; shape_dividers=&#8220;&#8220;][vc_column column_width_percent=&#8220;100&#8243; gutter_size=&#8220;1&#8243; [&hellip;]<\/p>\n","protected":false},"author":5,"featured_media":0,"parent":0,"menu_order":4,"comment_status":"closed","ping_status":"closed","template":"","meta":{"footnotes":""},"class_list":["post-1266","page","type-page","status-publish","hentry"],"_links":{"self":[{"href":"https:\/\/junami-apple.com\/de\/wp-json\/wp\/v2\/pages\/1266","targetHints":{"allow":["GET"]}}],"collection":[{"href":"https:\/\/junami-apple.com\/de\/wp-json\/wp\/v2\/pages"}],"about":[{"href":"https:\/\/junami-apple.com\/de\/wp-json\/wp\/v2\/types\/page"}],"author":[{"embeddable":true,"href":"https:\/\/junami-apple.com\/de\/wp-json\/wp\/v2\/users\/5"}],"replies":[{"embeddable":true,"href":"https:\/\/junami-apple.com\/de\/wp-json\/wp\/v2\/comments?post=1266"}],"version-history":[{"count":1,"href":"https:\/\/junami-apple.com\/de\/wp-json\/wp\/v2\/pages\/1266\/revisions"}],"predecessor-version":[{"id":1267,"href":"https:\/\/junami-apple.com\/de\/wp-json\/wp\/v2\/pages\/1266\/revisions\/1267"}],"wp:attachment":[{"href":"https:\/\/junami-apple.com\/de\/wp-json\/wp\/v2\/media?parent=1266"}],"curies":[{"name":"wp","href":"https:\/\/api.w.org\/{rel}","templated":true}]}}