{"id":1234,"date":"2022-05-31T14:45:54","date_gmt":"2022-05-31T14:45:54","guid":{"rendered":"https:\/\/junami-apple.com\/der-ideale-snack\/"},"modified":"2022-06-24T08:10:46","modified_gmt":"2022-06-24T08:10:46","slug":"der-ideale-snack","status":"publish","type":"page","link":"https:\/\/junami-apple.com\/de\/der-ideale-snack\/","title":{"rendered":"Der ideale Snack"},"content":{"rendered":"<div class=\"wpb-content-wrapper\"><p>[vc_row row_height_percent=&#8220;0&#8243; override_padding=&#8220;yes&#8220; h_padding=&#8220;2&#8243; top_padding=&#8220;3&#8243; bottom_padding=&#8220;3&#8243; back_image=&#8220;695&#8243; back_repeat=&#8220;no-repeat&#8220; back_position=&#8220;center bottom&#8220; overlay_alpha=&#8220;50&#8243; gutter_size=&#8220;3&#8243; column_width_percent=&#8220;100&#8243; shift_y=&#8220;0&#8243; z_index=&#8220;0&#8243; uncode_shortcode_id=&#8220;447610&#8243; back_size=&#8220;contain&#8220;][vc_column column_width_percent=&#8220;100&#8243; gutter_size=&#8220;1&#8243; overlay_alpha=&#8220;50&#8243; shift_x=&#8220;0&#8243; shift_y=&#8220;0&#8243; shift_y_down=&#8220;0&#8243; z_index=&#8220;0&#8243; medium_width=&#8220;0&#8243; mobile_width=&#8220;0&#8243; width=&#8220;1\/2&#8243; uncode_shortcode_id=&#8220;774321&#8243;][vc_custom_heading text_color=&#8220;color-nhtu&#8220; heading_semantic=&#8220;h1&#8243; text_font=&#8220;font-654545&#8243; text_size=&#8220;h1&#8243; text_weight=&#8220;300&#8243; sub_lead=&#8220;yes&#8220; uncode_shortcode_id=&#8220;940623&#8243; text_color_type=&#8220;uncode-palette&#8220;]Der ideale Snack[\/vc_custom_heading][vc_custom_heading text_color=&#8220;color-rgdb&#8220; text_font=&#8220;font-654545&#8243; text_weight=&#8220;100&#8243; uncode_shortcode_id=&#8220;165149&#8243; text_color_type=&#8220;uncode-palette&#8220;]Junami ist ein gesunder Snack[\/vc_custom_heading][vc_empty_space empty_h=&#8220;1&#8243;][vc_custom_heading text_color=&#8220;color-wayh&#8220; heading_semantic=&#8220;p&#8220; text_font=&#8220;font-174334&#8243; text_size=&#8220;&#8220; text_weight=&#8220;400&#8243; text_height=&#8220;fontheight-489737&#8243; uncode_shortcode_id=&#8220;249327&#8243; text_color_type=&#8220;uncode-palette&#8220;]Der Zucker in \u00c4pfeln wird vom K\u00f6rper weniger leicht aufgenommen als beispielsweise der Zucker in S\u00fc\u00dfigkeiten. Ihr K\u00f6rper muss also mehr Energie aufwenden, um Zucker aus einem Apfel aufzunehmen. Das macht einen Apfel zu einem ges\u00fcnderen Snack.<\/p>\n<p>Zudem wurde in \u00c4pfeln eine einzigartige Substanz entdeckt: Phlorizin. Diese Substanz kommt fast ausschlie\u00dflich in \u00c4pfeln vor. Phlorizin kann daf\u00fcr sorgen, dass der Zucker, den Sie zu sich nehmen, weniger schnell vom K\u00f6rper aufgenommen wird. Untersuchungen zeigen, dass in einem Junami (vor allem in der Schale) doppelt so viel Phlorizin enthalten ist wie in anderen \u00c4pfeln. Sch\u00e4len Sie den Junami also nicht![\/vc_custom_heading][\/vc_column][vc_column width=&#8220;1\/2&#8243;][vc_single_image media=&#8220;386&#8243; media_width_percent=&#8220;70&#8243; alignment=&#8220;center&#8220; uncode_shortcode_id=&#8220;181230&#8243;][\/vc_column][\/vc_row]<\/p>\n<\/div>","protected":false},"excerpt":{"rendered":"<p>[vc_row row_height_percent=&#8220;0&#8243; override_padding=&#8220;yes&#8220; h_padding=&#8220;2&#8243; top_padding=&#8220;3&#8243; bottom_padding=&#8220;3&#8243; back_image=&#8220;695&#8243; back_repeat=&#8220;no-repeat&#8220; back_position=&#8220;center bottom&#8220; overlay_alpha=&#8220;50&#8243; gutter_size=&#8220;3&#8243; column_width_percent=&#8220;100&#8243; shift_y=&#8220;0&#8243; z_index=&#8220;0&#8243; uncode_shortcode_id=&#8220;447610&#8243; back_size=&#8220;contain&#8220;][vc_column column_width_percent=&#8220;100&#8243; gutter_size=&#8220;1&#8243; overlay_alpha=&#8220;50&#8243; [&hellip;]<\/p>\n","protected":false},"author":5,"featured_media":0,"parent":0,"menu_order":19,"comment_status":"closed","ping_status":"closed","template":"","meta":{"footnotes":""},"class_list":["post-1234","page","type-page","status-publish","hentry"],"_links":{"self":[{"href":"https:\/\/junami-apple.com\/de\/wp-json\/wp\/v2\/pages\/1234","targetHints":{"allow":["GET"]}}],"collection":[{"href":"https:\/\/junami-apple.com\/de\/wp-json\/wp\/v2\/pages"}],"about":[{"href":"https:\/\/junami-apple.com\/de\/wp-json\/wp\/v2\/types\/page"}],"author":[{"embeddable":true,"href":"https:\/\/junami-apple.com\/de\/wp-json\/wp\/v2\/users\/5"}],"replies":[{"embeddable":true,"href":"https:\/\/junami-apple.com\/de\/wp-json\/wp\/v2\/comments?post=1234"}],"version-history":[{"count":2,"href":"https:\/\/junami-apple.com\/de\/wp-json\/wp\/v2\/pages\/1234\/revisions"}],"predecessor-version":[{"id":1236,"href":"https:\/\/junami-apple.com\/de\/wp-json\/wp\/v2\/pages\/1234\/revisions\/1236"}],"wp:attachment":[{"href":"https:\/\/junami-apple.com\/de\/wp-json\/wp\/v2\/media?parent=1234"}],"curies":[{"name":"wp","href":"https:\/\/api.w.org\/{rel}","templated":true}]}}