{"id":1192,"date":"2022-05-31T14:51:31","date_gmt":"2022-05-31T14:51:31","guid":{"rendered":"https:\/\/junami-apple.com\/verpackung\/"},"modified":"2022-06-24T07:53:02","modified_gmt":"2022-06-24T07:53:02","slug":"verpackung","status":"publish","type":"page","link":"https:\/\/junami-apple.com\/de\/verpackung\/","title":{"rendered":"Verpackung"},"content":{"rendered":"<div class=\"wpb-content-wrapper\"><p>[vc_row row_height_percent=&#8220;0&#8243; override_padding=&#8220;yes&#8220; h_padding=&#8220;2&#8243; top_padding=&#8220;3&#8243; bottom_padding=&#8220;3&#8243; back_image=&#8220;695&#8243; back_repeat=&#8220;no-repeat&#8220; back_position=&#8220;center bottom&#8220; overlay_alpha=&#8220;50&#8243; gutter_size=&#8220;3&#8243; column_width_percent=&#8220;100&#8243; shift_y=&#8220;0&#8243; z_index=&#8220;0&#8243; uncode_shortcode_id=&#8220;185253&#8243; back_size=&#8220;contain&#8220; shape_dividers=&#8220;&#8220;][vc_column column_width_percent=&#8220;100&#8243; gutter_size=&#8220;1&#8243; overlay_alpha=&#8220;50&#8243; shift_x=&#8220;0&#8243; shift_y=&#8220;0&#8243; shift_y_down=&#8220;0&#8243; z_index=&#8220;0&#8243; medium_width=&#8220;0&#8243; mobile_width=&#8220;0&#8243; width=&#8220;1\/2&#8243; uncode_shortcode_id=&#8220;774321&#8243;][vc_custom_heading text_color=&#8220;color-nhtu&#8220; heading_semantic=&#8220;h1&#8243; text_font=&#8220;font-654545&#8243; text_size=&#8220;h1&#8243; text_weight=&#8220;300&#8243; sub_lead=&#8220;yes&#8220; uncode_shortcode_id=&#8220;185211&#8243; text_color_type=&#8220;uncode-palette&#8220;]Verpackung[\/vc_custom_heading][vc_custom_heading text_color=&#8220;color-rgdb&#8220; text_font=&#8220;font-654545&#8243; text_weight=&#8220;100&#8243; uncode_shortcode_id=&#8220;243187&#8243; text_color_type=&#8220;uncode-palette&#8220;]Sprechen wir \u00fcber die M\u00f6glichkeiten![\/vc_custom_heading][vc_empty_space empty_h=&#8220;1&#8243;][vc_custom_heading text_color=&#8220;color-wayh&#8220; heading_semantic=&#8220;p&#8220; text_font=&#8220;font-174334&#8243; text_size=&#8220;&#8220; text_weight=&#8220;400&#8243; text_height=&#8220;fontheight-489737&#8243; uncode_shortcode_id=&#8220;208707&#8243; text_color_type=&#8220;uncode-palette&#8220;]Junami ist in verschiedenen Gr\u00f6\u00dfen in verschiedenen Verpackungsformen erh\u00e4ltlich. So sind die \u00c4pfel f\u00fcr jeden gut erkennbar und k\u00f6nnen die beabsichtigte Qualit\u00e4t bieten. Beispiele sind die Schale zu 4, 6 oder 8 St\u00fcck, der 1,5-kg-Karton, der Karton 20\u00d730 oder der Karton 40\u00d760 sowie der Junami-Beutel. F\u00fcr weitere Informationen und andere M\u00f6glichkeiten k\u00f6nnen Sie sich jederzeit an eine der Erzeugerorganisationen wenden.[\/vc_custom_heading][\/vc_column][vc_column width=&#8220;1\/2&#8243;][vc_single_image media=&#8220;525&#8243; media_width_percent=&#8220;70&#8243; alignment=&#8220;center&#8220; border=&#8220;yes&#8220; shadow=&#8220;yes&#8220; shadow_weight=&#8220;sm&#8220; uncode_shortcode_id=&#8220;172007&#8243;][\/vc_column][\/vc_row]<\/p>\n<\/div>","protected":false},"excerpt":{"rendered":"<p>[vc_row row_height_percent=&#8220;0&#8243; override_padding=&#8220;yes&#8220; h_padding=&#8220;2&#8243; top_padding=&#8220;3&#8243; bottom_padding=&#8220;3&#8243; back_image=&#8220;695&#8243; back_repeat=&#8220;no-repeat&#8220; back_position=&#8220;center bottom&#8220; overlay_alpha=&#8220;50&#8243; gutter_size=&#8220;3&#8243; column_width_percent=&#8220;100&#8243; shift_y=&#8220;0&#8243; z_index=&#8220;0&#8243; uncode_shortcode_id=&#8220;185253&#8243; back_size=&#8220;contain&#8220; shape_dividers=&#8220;&#8220;][vc_column column_width_percent=&#8220;100&#8243; gutter_size=&#8220;1&#8243; [&hellip;]<\/p>\n","protected":false},"author":5,"featured_media":0,"parent":0,"menu_order":9,"comment_status":"closed","ping_status":"closed","template":"","meta":{"footnotes":""},"class_list":["post-1192","page","type-page","status-publish","hentry"],"_links":{"self":[{"href":"https:\/\/junami-apple.com\/de\/wp-json\/wp\/v2\/pages\/1192","targetHints":{"allow":["GET"]}}],"collection":[{"href":"https:\/\/junami-apple.com\/de\/wp-json\/wp\/v2\/pages"}],"about":[{"href":"https:\/\/junami-apple.com\/de\/wp-json\/wp\/v2\/types\/page"}],"author":[{"embeddable":true,"href":"https:\/\/junami-apple.com\/de\/wp-json\/wp\/v2\/users\/5"}],"replies":[{"embeddable":true,"href":"https:\/\/junami-apple.com\/de\/wp-json\/wp\/v2\/comments?post=1192"}],"version-history":[{"count":1,"href":"https:\/\/junami-apple.com\/de\/wp-json\/wp\/v2\/pages\/1192\/revisions"}],"predecessor-version":[{"id":1193,"href":"https:\/\/junami-apple.com\/de\/wp-json\/wp\/v2\/pages\/1192\/revisions\/1193"}],"wp:attachment":[{"href":"https:\/\/junami-apple.com\/de\/wp-json\/wp\/v2\/media?parent=1192"}],"curies":[{"name":"wp","href":"https:\/\/api.w.org\/{rel}","templated":true}]}}