{"id":1188,"date":"2022-05-31T14:19:16","date_gmt":"2022-05-31T14:19:16","guid":{"rendered":"https:\/\/junami-apple.com\/geschmackserlebnis\/"},"modified":"2022-06-24T07:47:51","modified_gmt":"2022-06-24T07:47:51","slug":"geschmackserlebnis","status":"publish","type":"page","link":"https:\/\/junami-apple.com\/de\/geschmackserlebnis\/","title":{"rendered":"Geschmackserlebnis"},"content":{"rendered":"<div class=\"wpb-content-wrapper\"><p>[vc_row row_height_percent=&#8220;0&#8243; override_padding=&#8220;yes&#8220; h_padding=&#8220;2&#8243; top_padding=&#8220;3&#8243; bottom_padding=&#8220;3&#8243; back_image=&#8220;695&#8243; back_repeat=&#8220;no-repeat&#8220; back_position=&#8220;center bottom&#8220; overlay_alpha=&#8220;50&#8243; gutter_size=&#8220;3&#8243; column_width_percent=&#8220;100&#8243; shift_y=&#8220;0&#8243; z_index=&#8220;0&#8243; uncode_shortcode_id=&#8220;111008&#8243; back_size=&#8220;contain&#8220; shape_dividers=&#8220;&#8220;][vc_column column_width_percent=&#8220;100&#8243; gutter_size=&#8220;1&#8243; overlay_alpha=&#8220;50&#8243; shift_x=&#8220;0&#8243; shift_y=&#8220;0&#8243; shift_y_down=&#8220;0&#8243; z_index=&#8220;0&#8243; medium_width=&#8220;0&#8243; mobile_width=&#8220;0&#8243; width=&#8220;1\/2&#8243; uncode_shortcode_id=&#8220;774321&#8243;][vc_custom_heading text_color=&#8220;color-nhtu&#8220; heading_semantic=&#8220;h1&#8243; text_font=&#8220;font-654545&#8243; text_size=&#8220;h1&#8243; text_weight=&#8220;300&#8243; sub_lead=&#8220;yes&#8220; uncode_shortcode_id=&#8220;203206&#8243; text_color_type=&#8220;uncode-palette&#8220;]Geschmackserlebnis[\/vc_custom_heading][vc_custom_heading text_color=&#8220;color-rgdb&#8220; text_font=&#8220;font-654545&#8243; text_weight=&#8220;100&#8243; uncode_shortcode_id=&#8220;424014&#8243; text_color_type=&#8220;uncode-palette&#8220;]Junami, der erfrischende Durstl\u00f6scher mit einem knackigen Biss[\/vc_custom_heading][vc_empty_space empty_h=&#8220;1&#8243;][vc_custom_heading text_color=&#8220;color-wayh&#8220; heading_semantic=&#8220;p&#8220; text_font=&#8220;font-174334&#8243; text_size=&#8220;&#8220; text_weight=&#8220;400&#8243; text_height=&#8220;fontheight-489737&#8243; uncode_shortcode_id=&#8220;186049&#8243; text_color_type=&#8220;uncode-palette&#8220;]Junami ist DER Apfel f\u00fcr aktive Menschen, die immer in Bewegung sind und so wie Junami ein gutes Aussehen zu sch\u00e4tzen wissen. Die Apfelsorte stammt aus der Schweiz. In diesem neuen fruchtigen Durstl\u00f6scher sind alle positiven Eigenschaften der Elternsorten (Idared x Maigold und Elstar) vereint. Durch die sch\u00f6ne runde Form und die auff\u00e4llige rote Farbe bei\u00dft man gerne hinein! Wer einmal den frisch-fruchtigen Geschmack und den knackigen Biss erlebt hat, m\u00f6chte nichts anderes mehr![\/vc_custom_heading][\/vc_column][vc_column column_width_percent=&#8220;100&#8243; gutter_size=&#8220;3&#8243; overlay_alpha=&#8220;50&#8243; shift_x=&#8220;0&#8243; shift_y=&#8220;0&#8243; shift_y_down=&#8220;0&#8243; z_index=&#8220;0&#8243; medium_width=&#8220;0&#8243; mobile_width=&#8220;0&#8243; width=&#8220;1\/2&#8243; uncode_shortcode_id=&#8220;120228&#8243;][vc_single_image media=&#8220;380&#8243; media_width_percent=&#8220;70&#8243; alignment=&#8220;center&#8220; uncode_shortcode_id=&#8220;131520&#8243;][\/vc_column][\/vc_row]<\/p>\n<\/div>","protected":false},"excerpt":{"rendered":"<p>[vc_row row_height_percent=&#8220;0&#8243; override_padding=&#8220;yes&#8220; h_padding=&#8220;2&#8243; top_padding=&#8220;3&#8243; bottom_padding=&#8220;3&#8243; back_image=&#8220;695&#8243; back_repeat=&#8220;no-repeat&#8220; back_position=&#8220;center bottom&#8220; overlay_alpha=&#8220;50&#8243; gutter_size=&#8220;3&#8243; column_width_percent=&#8220;100&#8243; shift_y=&#8220;0&#8243; z_index=&#8220;0&#8243; uncode_shortcode_id=&#8220;111008&#8243; back_size=&#8220;contain&#8220; shape_dividers=&#8220;&#8220;][vc_column column_width_percent=&#8220;100&#8243; gutter_size=&#8220;1&#8243; [&hellip;]<\/p>\n","protected":false},"author":5,"featured_media":0,"parent":0,"menu_order":22,"comment_status":"closed","ping_status":"closed","template":"","meta":{"footnotes":""},"class_list":["post-1188","page","type-page","status-publish","hentry"],"_links":{"self":[{"href":"https:\/\/junami-apple.com\/de\/wp-json\/wp\/v2\/pages\/1188","targetHints":{"allow":["GET"]}}],"collection":[{"href":"https:\/\/junami-apple.com\/de\/wp-json\/wp\/v2\/pages"}],"about":[{"href":"https:\/\/junami-apple.com\/de\/wp-json\/wp\/v2\/types\/page"}],"author":[{"embeddable":true,"href":"https:\/\/junami-apple.com\/de\/wp-json\/wp\/v2\/users\/5"}],"replies":[{"embeddable":true,"href":"https:\/\/junami-apple.com\/de\/wp-json\/wp\/v2\/comments?post=1188"}],"version-history":[{"count":1,"href":"https:\/\/junami-apple.com\/de\/wp-json\/wp\/v2\/pages\/1188\/revisions"}],"predecessor-version":[{"id":1189,"href":"https:\/\/junami-apple.com\/de\/wp-json\/wp\/v2\/pages\/1188\/revisions\/1189"}],"wp:attachment":[{"href":"https:\/\/junami-apple.com\/de\/wp-json\/wp\/v2\/media?parent=1188"}],"curies":[{"name":"wp","href":"https:\/\/api.w.org\/{rel}","templated":true}]}}